{"id":2,"date":"2015-08-04T12:26:51","date_gmt":"2015-08-04T12:26:51","guid":{"rendered":"http:\/\/wp424m.a10-52-158-154.qa.plesk.ru\/wordpress\/?page_id=2"},"modified":"2018-04-30T04:52:56","modified_gmt":"2018-04-30T04:52:56","slug":"sample-page","status":"publish","type":"page","link":"https:\/\/gartenservice-fernholz.de\/cms\/","title":{"rendered":"Jeder Garten und jedes Grundst\u00fcck ben\u00f6tigt Pflege."},"content":{"rendered":"<div class=\"articlearea\">\n<p>Die Gartenarbeit kann wunderbar entspannend sein, kann aber im hektischen Berufsleben auch schnell zur Belastung werden. Unser Team vom Gartenservice Fernholz f\u00fchrt f\u00fcr Sie gern alle anfallenden Gartenpflege Arbeiten durch. Zu unseren Auftraggebern geh\u00f6ren sowohl Firmen, wie auch Privatpersonen.<\/p>\n<p>Wir erledigen f\u00fcr Sie s\u00e4mtliche im Garten anfallenden Arbeiten von der Neuanlage Ihres Gartens, \u00fcber Nachbepflanzungen, der Pflege des Rasens und der Beete, dem Schnitt von B\u00e4umen, Str\u00e4uchern und Hecken, bis zum F\u00e4llen gr\u00f6\u00dferer B\u00e4ume. Auf Wunsch kommen wir auch gern in regelm\u00e4\u00dfigen Abst\u00e4nden, um Ihren Garten zu pflegen.<\/p>\n<p align=\"center\"><b><br \/>\nWir w\u00fcrden uns freuen, auch Sie \u00fcberzeugen zu d\u00fcrfen.<br \/>\n<\/b><\/p>\n<\/div>\n","protected":false},"excerpt":{"rendered":"<p>Die Gartenarbeit kann wunderbar entspannend sein, kann aber im hektischen Berufsleben auch schnell zur Belastung werden. Unser Team vom Gartenservice Fernholz f\u00fchrt f\u00fcr Sie gern alle anfallenden Gartenpflege Arbeiten durch. Zu unseren Auftraggebern geh\u00f6ren sowohl Firmen, wie auch Privatpersonen. Wir &hellip; <a class=\"kt-excerpt-readmore\" href=\"https:\/\/gartenservice-fernholz.de\/cms\/\" aria-label=\"Jeder Garten und jedes Grundst\u00fcck ben\u00f6tigt Pflege.\">Weiterlesen<\/a><\/p>\n","protected":false},"author":1,"featured_media":0,"parent":0,"menu_order":0,"comment_status":"open","ping_status":"open","template":"","meta":[],"_links":{"self":[{"href":"https:\/\/gartenservice-fernholz.de\/cms\/wp-json\/wp\/v2\/pages\/2"}],"collection":[{"href":"https:\/\/gartenservice-fernholz.de\/cms\/wp-json\/wp\/v2\/pages"}],"about":[{"href":"https:\/\/gartenservice-fernholz.de\/cms\/wp-json\/wp\/v2\/types\/page"}],"author":[{"embeddable":true,"href":"https:\/\/gartenservice-fernholz.de\/cms\/wp-json\/wp\/v2\/users\/1"}],"replies":[{"embeddable":true,"href":"https:\/\/gartenservice-fernholz.de\/cms\/wp-json\/wp\/v2\/comments?post=2"}],"version-history":[{"count":11,"href":"https:\/\/gartenservice-fernholz.de\/cms\/wp-json\/wp\/v2\/pages\/2\/revisions"}],"predecessor-version":[{"id":127,"href":"https:\/\/gartenservice-fernholz.de\/cms\/wp-json\/wp\/v2\/pages\/2\/revisions\/127"}],"wp:attachment":[{"href":"https:\/\/gartenservice-fernholz.de\/cms\/wp-json\/wp\/v2\/media?parent=2"}],"curies":[{"name":"wp","href":"https:\/\/api.w.org\/{rel}","templated":true}]}}