{"id":79,"date":"2015-08-25T22:22:47","date_gmt":"2015-08-25T22:22:47","guid":{"rendered":"http:\/\/gartenservice-fernholz.de\/cms\/?page_id=79"},"modified":"2018-05-07T09:59:20","modified_gmt":"2018-05-07T09:59:20","slug":"pflege-von-garten-und-gruenanlagen","status":"publish","type":"page","link":"https:\/\/gartenservice-fernholz.de\/cms\/pflege-von-garten-und-gruenanlagen\/","title":{"rendered":"Pflege von Garten und Gr\u00fcnanlagen"},"content":{"rendered":"<p><a href=\"http:\/\/gartenservice-fernholz.de\/cms\/wp-content\/uploads\/2018\/05\/gartenservice-fernholz-breitscheid-im-westerwald-1-1.jpg\"><img loading=\"lazy\" class=\"size-medium wp-image-156 alignright\" src=\"http:\/\/gartenservice-fernholz.de\/cms\/wp-content\/uploads\/2018\/05\/gartenservice-fernholz-breitscheid-im-westerwald-1-1-300x225.jpg\" alt=\"\" width=\"300\" height=\"225\" data-id=\"156\" srcset=\"https:\/\/gartenservice-fernholz.de\/cms\/wp-content\/uploads\/2018\/05\/gartenservice-fernholz-breitscheid-im-westerwald-1-1-300x225.jpg 300w, https:\/\/gartenservice-fernholz.de\/cms\/wp-content\/uploads\/2018\/05\/gartenservice-fernholz-breitscheid-im-westerwald-1-1-768x576.jpg 768w, https:\/\/gartenservice-fernholz.de\/cms\/wp-content\/uploads\/2018\/05\/gartenservice-fernholz-breitscheid-im-westerwald-1-1.jpg 1024w, https:\/\/gartenservice-fernholz.de\/cms\/wp-content\/uploads\/2018\/05\/gartenservice-fernholz-breitscheid-im-westerwald-1-1-600x450.jpg 600w\" sizes=\"(max-width: 300px) 100vw, 300px\" \/><\/a>Unser Gartenservice beinhaltet die Gartenpflege privater Gartenanlagen, sowie die Pflege \u00f6ffentlicher oder gewerblicher Gr\u00fcnanlagen.<\/p>\n<p>Von der Gartengestaltung bis hin zur wiederkehrenden Gartenpflege reicht unser umfangreiches Angebot f\u00fcr Ihren Garten. Wir gestalten, pflegen und organisieren Ihren Garten ganz nach Ihren W\u00fcnschen. Vom umfassenden Gartenservice, egal ob w\u00f6chentlich, monatlich oder auch j\u00e4hrlich,\u00a0 bis zur einmaligen Urlaubsvertretung reicht unser Leistungsportfolio.<\/p>\n","protected":false},"excerpt":{"rendered":"<p>Unser Gartenservice beinhaltet die Gartenpflege privater Gartenanlagen, sowie die Pflege \u00f6ffentlicher oder gewerblicher Gr\u00fcnanlagen. Von der Gartengestaltung bis hin zur wiederkehrenden Gartenpflege reicht unser umfangreiches Angebot f\u00fcr Ihren Garten. Wir gestalten, pflegen und organisieren Ihren Garten ganz nach Ihren W\u00fcnschen. &hellip; <a class=\"kt-excerpt-readmore\" href=\"https:\/\/gartenservice-fernholz.de\/cms\/pflege-von-garten-und-gruenanlagen\/\" aria-label=\"Pflege von Garten und Gr\u00fcnanlagen\">Weiterlesen<\/a><\/p>\n","protected":false},"author":1,"featured_media":0,"parent":0,"menu_order":0,"comment_status":"closed","ping_status":"closed","template":"","meta":[],"_links":{"self":[{"href":"https:\/\/gartenservice-fernholz.de\/cms\/wp-json\/wp\/v2\/pages\/79"}],"collection":[{"href":"https:\/\/gartenservice-fernholz.de\/cms\/wp-json\/wp\/v2\/pages"}],"about":[{"href":"https:\/\/gartenservice-fernholz.de\/cms\/wp-json\/wp\/v2\/types\/page"}],"author":[{"embeddable":true,"href":"https:\/\/gartenservice-fernholz.de\/cms\/wp-json\/wp\/v2\/users\/1"}],"replies":[{"embeddable":true,"href":"https:\/\/gartenservice-fernholz.de\/cms\/wp-json\/wp\/v2\/comments?post=79"}],"version-history":[{"count":3,"href":"https:\/\/gartenservice-fernholz.de\/cms\/wp-json\/wp\/v2\/pages\/79\/revisions"}],"predecessor-version":[{"id":168,"href":"https:\/\/gartenservice-fernholz.de\/cms\/wp-json\/wp\/v2\/pages\/79\/revisions\/168"}],"wp:attachment":[{"href":"https:\/\/gartenservice-fernholz.de\/cms\/wp-json\/wp\/v2\/media?parent=79"}],"curies":[{"name":"wp","href":"https:\/\/api.w.org\/{rel}","templated":true}]}}