{"id":95,"date":"2015-08-25T22:26:34","date_gmt":"2015-08-25T22:26:34","guid":{"rendered":"http:\/\/gartenservice-fernholz.de\/cms\/?page_id=95"},"modified":"2015-08-25T22:40:25","modified_gmt":"2015-08-25T22:40:25","slug":"baumwurzel-entfernen","status":"publish","type":"page","link":"https:\/\/gartenservice-fernholz.de\/cms\/baumwurzel-entfernen\/","title":{"rendered":"Baumwurzel entfernen"},"content":{"rendered":"<p>Wenn B\u00e4ume in Ihrem Garten gef\u00e4llt werden m\u00fcssen, stehen Sie schnell vor dem Problem auch die Baumwurzeln zu entfernen. Im Boden belassen ist keine geeignete L\u00f6sung, so bleibt nur das m\u00fchsame und zeitaufw\u00e4ndige Baumstumpf entfernen.<\/p>\n<p>Mit Hilfe geeigneter Ger\u00e4te r\u00e4umen wir Ihren Garten wieder frei und entfernen alle Baumwurzeln, damit einer neuen Bepflanzung nichts mehr im Wege steht.Wenn B\u00e4ume in Ihrem Garten gef\u00e4llt werden m\u00fcssen, stehen Sie schnell vor dem Problem auch die Baumwurzeln zu entfernen.<\/p>\n<p>Im Boden belassen ist keine geeignete L\u00f6sung, so bleibt nur das m\u00fchsame und zeitaufw\u00e4ndige Baumstumpf entfernen. Mit Hilfe geeigneter Ger\u00e4te r\u00e4umen wir Ihren Garten wieder frei und entfernen alle Baumwurzeln, damit einer neuen Bepflanzung nichts mehr im Wege steht.<\/p>\n","protected":false},"excerpt":{"rendered":"<p>Wenn B\u00e4ume in Ihrem Garten gef\u00e4llt werden m\u00fcssen, stehen Sie schnell vor dem Problem auch die Baumwurzeln zu entfernen. Im Boden belassen ist keine geeignete L\u00f6sung, so bleibt nur das m\u00fchsame und zeitaufw\u00e4ndige Baumstumpf entfernen. Mit Hilfe geeigneter Ger\u00e4te r\u00e4umen &hellip; <a class=\"kt-excerpt-readmore\" href=\"https:\/\/gartenservice-fernholz.de\/cms\/baumwurzel-entfernen\/\" aria-label=\"Baumwurzel entfernen\">Weiterlesen<\/a><\/p>\n","protected":false},"author":1,"featured_media":0,"parent":0,"menu_order":0,"comment_status":"closed","ping_status":"closed","template":"","meta":[],"_links":{"self":[{"href":"https:\/\/gartenservice-fernholz.de\/cms\/wp-json\/wp\/v2\/pages\/95"}],"collection":[{"href":"https:\/\/gartenservice-fernholz.de\/cms\/wp-json\/wp\/v2\/pages"}],"about":[{"href":"https:\/\/gartenservice-fernholz.de\/cms\/wp-json\/wp\/v2\/types\/page"}],"author":[{"embeddable":true,"href":"https:\/\/gartenservice-fernholz.de\/cms\/wp-json\/wp\/v2\/users\/1"}],"replies":[{"embeddable":true,"href":"https:\/\/gartenservice-fernholz.de\/cms\/wp-json\/wp\/v2\/comments?post=95"}],"version-history":[{"count":2,"href":"https:\/\/gartenservice-fernholz.de\/cms\/wp-json\/wp\/v2\/pages\/95\/revisions"}],"predecessor-version":[{"id":116,"href":"https:\/\/gartenservice-fernholz.de\/cms\/wp-json\/wp\/v2\/pages\/95\/revisions\/116"}],"wp:attachment":[{"href":"https:\/\/gartenservice-fernholz.de\/cms\/wp-json\/wp\/v2\/media?parent=95"}],"curies":[{"name":"wp","href":"https:\/\/api.w.org\/{rel}","templated":true}]}}