{"id":99,"date":"2015-08-25T22:27:24","date_gmt":"2015-08-25T22:27:24","guid":{"rendered":"http:\/\/gartenservice-fernholz.de\/cms\/?page_id=99"},"modified":"2018-05-07T10:28:19","modified_gmt":"2018-05-07T10:28:19","slug":"gartengestaltung","status":"publish","type":"page","link":"https:\/\/gartenservice-fernholz.de\/cms\/gartengestaltung\/","title":{"rendered":"Gartengestaltung"},"content":{"rendered":"<p><a href=\"http:\/\/gartenservice-fernholz.de\/cms\/wp-content\/uploads\/2018\/05\/gartenservice-fernholz-breitscheid-im-westerwald-1-1.jpg\"><img loading=\"lazy\" class=\"size-medium wp-image-156 alignright\" src=\"http:\/\/gartenservice-fernholz.de\/cms\/wp-content\/uploads\/2018\/05\/gartenservice-fernholz-breitscheid-im-westerwald-1-1-300x225.jpg\" alt=\"\" width=\"300\" height=\"225\" data-id=\"156\" srcset=\"https:\/\/gartenservice-fernholz.de\/cms\/wp-content\/uploads\/2018\/05\/gartenservice-fernholz-breitscheid-im-westerwald-1-1-300x225.jpg 300w, https:\/\/gartenservice-fernholz.de\/cms\/wp-content\/uploads\/2018\/05\/gartenservice-fernholz-breitscheid-im-westerwald-1-1-768x576.jpg 768w, https:\/\/gartenservice-fernholz.de\/cms\/wp-content\/uploads\/2018\/05\/gartenservice-fernholz-breitscheid-im-westerwald-1-1.jpg 1024w, https:\/\/gartenservice-fernholz.de\/cms\/wp-content\/uploads\/2018\/05\/gartenservice-fernholz-breitscheid-im-westerwald-1-1-600x450.jpg 600w\" sizes=\"(max-width: 300px) 100vw, 300px\" \/><\/a>Wenn Sie Hilfe bei Ihrer Gartengestaltung ben\u00f6tigen, Ihren Garten komplett neu Anlegen m\u00f6chten, oder vielleicht auch nur eine Gartenecke neu gestalten m\u00f6chten, beraten wir Sie gern bei der Auswahl der entsprechenden Stauden, Geh\u00f6lze oder B\u00e4ume.<\/p>\n<p>Ob Neugestaltung, oder Nachbepflanzung wir liefern Ihnen die gew\u00fcnschte Pflanzen aus regional ans\u00e4ssigen G\u00e4rtnereien und Baumschulen und \u00fcbernehmen die Pflanzung und das Anlegen Ihrer Gartenbeete nach Ihren W\u00fcnschen.<\/p>\n","protected":false},"excerpt":{"rendered":"<p>Wenn Sie Hilfe bei Ihrer Gartengestaltung ben\u00f6tigen, Ihren Garten komplett neu Anlegen m\u00f6chten, oder vielleicht auch nur eine Gartenecke neu gestalten m\u00f6chten, beraten wir Sie gern bei der Auswahl der entsprechenden Stauden, Geh\u00f6lze oder B\u00e4ume. Ob Neugestaltung, oder Nachbepflanzung wir &hellip; <a class=\"kt-excerpt-readmore\" href=\"https:\/\/gartenservice-fernholz.de\/cms\/gartengestaltung\/\" aria-label=\"Gartengestaltung\">Weiterlesen<\/a><\/p>\n","protected":false},"author":1,"featured_media":0,"parent":0,"menu_order":0,"comment_status":"closed","ping_status":"closed","template":"","meta":[],"_links":{"self":[{"href":"https:\/\/gartenservice-fernholz.de\/cms\/wp-json\/wp\/v2\/pages\/99"}],"collection":[{"href":"https:\/\/gartenservice-fernholz.de\/cms\/wp-json\/wp\/v2\/pages"}],"about":[{"href":"https:\/\/gartenservice-fernholz.de\/cms\/wp-json\/wp\/v2\/types\/page"}],"author":[{"embeddable":true,"href":"https:\/\/gartenservice-fernholz.de\/cms\/wp-json\/wp\/v2\/users\/1"}],"replies":[{"embeddable":true,"href":"https:\/\/gartenservice-fernholz.de\/cms\/wp-json\/wp\/v2\/comments?post=99"}],"version-history":[{"count":3,"href":"https:\/\/gartenservice-fernholz.de\/cms\/wp-json\/wp\/v2\/pages\/99\/revisions"}],"predecessor-version":[{"id":180,"href":"https:\/\/gartenservice-fernholz.de\/cms\/wp-json\/wp\/v2\/pages\/99\/revisions\/180"}],"wp:attachment":[{"href":"https:\/\/gartenservice-fernholz.de\/cms\/wp-json\/wp\/v2\/media?parent=99"}],"curies":[{"name":"wp","href":"https:\/\/api.w.org\/{rel}","templated":true}]}}